{"id":1617,"date":"2025-05-27T22:05:34","date_gmt":"2025-05-28T01:05:34","guid":{"rendered":"https:\/\/broasdecenteio.com.br\/01\/?page_id=1617"},"modified":"2025-07-17T11:06:10","modified_gmt":"2025-07-17T14:06:10","slug":"onde-comprar","status":"publish","type":"page","link":"https:\/\/broasdecenteio.com.br\/01\/onde-comprar\/","title":{"rendered":"ONDE COMPRAR"},"content":{"rendered":"\n<h2 class=\"wp-block-heading has-text-align-center\">Guia de Padarias<\/h2>\n\n\n\n<p class=\"has-text-align-center\">Voc\u00ea pode adquirir broas de centeio em muitos estabelecimentos da cidade. Na seguinte lista se encontram os estabelecimentos que passaram pelo processo de compartilhamento das t\u00e9cnicas, receitas e crit\u00e9rios de qualidade que caracterizam esta tradi\u00e7\u00e3o.<\/p>\n\n\n\n<p class=\"has-text-align-center\"> A lista abaixo apresenta os locais que seguem os crit\u00e9rios de produ\u00e7\u00e3o com selo de Indica\u00e7\u00e3o Geogr\u00e1fica.<\/p>\n\n\n\n<style>\n.padarias-grid {\n  display: flex;\n  flex-wrap: wrap;\n  justify-content: center;\n  gap: 20px;\n  margin-top: 40px;\n}\n.padaria-card {\n  background: #fff;\n  border-radius: 12px;\n  box-shadow: 0 0 10px rgba(0,0,0,0.1);\n  padding: 16px;\n  text-align: center;\n  width: 180px;\n  min-height: 200px;\n  display: flex;\n  flex-direction: column;\n  align-items: center;\n  justify-content: center;\n}\n.padaria-card img {\n  max-width: 120px;\n  max-height: 80px;\n  object-fit: contain;\n  margin-bottom: 12px;\n}\n.padaria-card a {\n  font-weight: bold;\n  color: #333;\n  text-decoration: underline;\n  margin-top: 8px;\n  font-size: 14px;\n}\n<\/style>\n\n<div class=\"padarias-grid\">\n  <div class=\"padaria-card\">\n    <img decoding=\"async\" src=\"https:\/\/broasdecenteio.com.br\/01\/wp-content\/uploads\/2023\/03\/LOGO_CABECALHO_600PX.png\" alt=\"Fam\u00edlia Farinha\">\n    <a href=\"https:\/\/www.familiafarinha.com.br\/\" target=\"_blank\">Ver mais<\/a>\n  <\/div>\n\n  <div class=\"padaria-card\">\n    <img decoding=\"async\" src=\"https:\/\/broasdecenteio.com.br\/01\/wp-content\/uploads\/2023\/03\/logo_brioche.png\" alt=\"Brioche\">\n    <a href=\"https:\/\/briochepadaria.com.br\/\" target=\"_blank\">Ver mais<\/a>\n  <\/div>\n\n  <div class=\"padaria-card\">\n    <img decoding=\"async\" src=\"https:\/\/broasdecenteio.com.br\/01\/wp-content\/uploads\/2023\/07\/rico-pao.jpg\" alt=\"Rico P\u00e3o\">\n    <a href=\"https:\/\/marketingricopao.wixsite.com\/meusite\" target=\"_blank\">Ver mais<\/a>\n  <\/div>\n\n  <div class=\"padaria-card\">\n    <img decoding=\"async\" src=\"https:\/\/www.padariarequinte.com.br\/wp-content\/uploads\/2021\/05\/logo3-2048x1019.png\" alt=\"Padaria Requinte\">\n    <a href=\"https:\/\/www.padariarequinte.com.br\/\" target=\"_blank\">Ver mais<\/a>\n  <\/div>\n\n  <div class=\"padaria-card\">\n    <img decoding=\"async\" src=\"https:\/\/broasdecenteio.com.br\/01\/wp-content\/uploads\/2023\/07\/251990785_4414717155275256_3940742653297397667_n.jpg\" alt=\"P\u00e3ozinho da Hora\">\n    <a href=\"https:\/\/paozinhodahora.ctcin.bio\/\" target=\"_blank\">Ver mais<\/a>\n  <\/div>\n\n  <div class=\"padaria-card\">\n    <img decoding=\"async\" src=\"https:\/\/americapadaria.com.br\/wp-content\/uploads\/elementor\/thumbs\/logo-padaria-america-qtdlli6adz3w5ei9opr11aomj00ga9rpcncyh06p26.png\" alt=\"Padaria Am\u00e9rica\">\n    <a href=\"https:\/\/americapadaria.com.br\/\" target=\"_blank\">Ver mais<\/a>\n  <\/div>\n\n  <div class=\"padaria-card\">\n    <img decoding=\"async\" src=\"http:\/\/panificadoramisterpao.com.br\/wp-content\/uploads\/2015\/08\/logo_secondary.png\" alt=\"Mister P\u00e3o\">\n    <a href=\"http:\/\/panificadoramisterpao.com.br\/\" target=\"_blank\">Ver mais<\/a>\n  <\/div>\n\n  <div class=\"padaria-card\">\n    <img decoding=\"async\" src=\"https:\/\/broasdecenteio.com.br\/01\/wp-content\/uploads\/2023\/07\/logo_pao_nino-1.png\" alt=\"P\u00e3oNino\">\n    <a href=\"https:\/\/www.paonino.com\/\" target=\"_blank\">Ver mais<\/a>\n  <\/div>\n\n  <div class=\"padaria-card\">\n    <img decoding=\"async\" src=\"https:\/\/broasdecenteio.com.br\/01\/wp-content\/uploads\/2023\/07\/mirha-1.jpg\" alt=\"Panificadora Mirah\">\n    <a href=\"https:\/\/www.facebook.com\/PanificadoraMihra\/?locale=pt_BR\" target=\"_blank\">Ver mais<\/a>\n  <\/div>\n\n  <div class=\"padaria-card\">\n    <img decoding=\"async\" src=\"https:\/\/broasdecenteio.com.br\/01\/wp-content\/uploads\/2023\/07\/WhatsApp-Image-2023-07-18-at-15.49.19.jpeg\" alt=\"Carrossel\">\n    <a href=\"https:\/\/www.instagram.com\/panificadoracarrossel?igshid=MzRlODBiNWFlZA%3D%3D\" target=\"_blank\">Ver mais<\/a>\n  <\/div>\n\n\n  <div class=\"padaria-card\">\n    <img decoding=\"async\" src=\"https:\/\/broasdecenteio.com.br\/01\/wp-content\/uploads\/2023\/07\/docepaladar.jpg\" alt=\"Doce Paladar\">\n    <a href=\"https:\/\/www.facebook.com\/docepaladarpaesedoce\/?locale=pt_BR\" target=\"_blank\">Ver mais<\/a>\n  <\/div>\n\n  <div class=\"padaria-card\">\n    <img decoding=\"async\" src=\"https:\/\/broasdecenteio.com.br\/01\/wp-content\/uploads\/2023\/07\/cheirinhodepao.jpg\" alt=\"Cheirinho de P\u00e3o\">\n    <a href=\"https:\/\/www.facebook.com\/padariacheirinhodepao\/?locale=pt_BR\" target=\"_blank\">Ver mais<\/a>\n  <\/div>\n\n  <div class=\"padaria-card\">\n    <img decoding=\"async\" src=\"https:\/\/broasdecenteio.com.br\/01\/wp-content\/uploads\/2024\/06\/saint-germain-principal-1.png\" alt=\"Saint Germain\">\n    <a href=\"https:\/\/saintgermainpanificadora.com.br\/\" target=\"_blank\">Ver mais<\/a>\n  <\/div>\n\n  <div class=\"padaria-card\">\n    <img decoding=\"async\" src=\"https:\/\/broasdecenteio.com.br\/01\/wp-content\/uploads\/2025\/06\/logo-Piegel.png\" alt=\"Piegel P\u00e3es\">\n    <a href=\"https:\/\/www.piegelpaes.com.br\/\" target=\"_blank\">Ver mais<\/a>\n  <\/div>\n\n  <div class=\"padaria-card\">\n    <img decoding=\"async\" src=\"https:\/\/broasdecenteio.com.br\/01\/wp-content\/uploads\/2024\/06\/Design-sem-nome-6.png\" alt=\"Fernandes\">\n    <a href=\"https:\/\/www.instagram.com\/panificadorafernandes_\/\" target=\"_blank\">Ver mais<\/a>\n  <\/div>\n\n  <div class=\"padaria-card\">\n    <img decoding=\"async\" src=\"https:\/\/broasdecenteio.com.br\/01\/wp-content\/uploads\/2024\/06\/images-2.jpeg\" alt=\"Juliana\">\n    <a href=\"https:\/\/www.instagram.com\/julianapaesedoces\/\" target=\"_blank\">Ver mais<\/a>\n  <\/div>\n<\/div>\n","protected":false},"excerpt":{"rendered":"<p>Guia de Padarias Voc\u00ea pode adquirir broas de centeio em muitos estabelecimentos da cidade. Na seguinte lista se encontram os estabelecimentos que passaram pelo processo de compartilhamento das t\u00e9cnicas, receitas e crit\u00e9rios de qualidade que caracterizam esta tradi\u00e7\u00e3o. A lista abaixo apresenta os locais que seguem os crit\u00e9rios de produ\u00e7\u00e3o com selo de Indica\u00e7\u00e3o Geogr\u00e1fica. Ver mais Ver mais Ver mais Ver mais Ver mais Ver mais Ver mais Ver mais Ver mais Ver mais Ver mais Ver mais Ver mais Ver mais Ver mais Ver mais<\/p>\n","protected":false},"author":1,"featured_media":0,"parent":0,"menu_order":0,"comment_status":"closed","ping_status":"closed","template":"","meta":{"neve_meta_sidebar":"","neve_meta_container":"","neve_meta_enable_content_width":"","neve_meta_content_width":0,"neve_meta_title_alignment":"","neve_meta_author_avatar":"","neve_post_elements_order":"","neve_meta_disable_header":"","neve_meta_disable_footer":"","neve_meta_disable_title":"","footnotes":""},"class_list":["post-1617","page","type-page","status-publish","hentry"],"_links":{"self":[{"href":"https:\/\/broasdecenteio.com.br\/01\/wp-json\/wp\/v2\/pages\/1617","targetHints":{"allow":["GET"]}}],"collection":[{"href":"https:\/\/broasdecenteio.com.br\/01\/wp-json\/wp\/v2\/pages"}],"about":[{"href":"https:\/\/broasdecenteio.com.br\/01\/wp-json\/wp\/v2\/types\/page"}],"author":[{"embeddable":true,"href":"https:\/\/broasdecenteio.com.br\/01\/wp-json\/wp\/v2\/users\/1"}],"replies":[{"embeddable":true,"href":"https:\/\/broasdecenteio.com.br\/01\/wp-json\/wp\/v2\/comments?post=1617"}],"version-history":[{"count":17,"href":"https:\/\/broasdecenteio.com.br\/01\/wp-json\/wp\/v2\/pages\/1617\/revisions"}],"predecessor-version":[{"id":1646,"href":"https:\/\/broasdecenteio.com.br\/01\/wp-json\/wp\/v2\/pages\/1617\/revisions\/1646"}],"wp:attachment":[{"href":"https:\/\/broasdecenteio.com.br\/01\/wp-json\/wp\/v2\/media?parent=1617"}],"curies":[{"name":"wp","href":"https:\/\/api.w.org\/{rel}","templated":true}]}}